{"id":4905,"date":"2021-09-28T10:37:57","date_gmt":"2021-09-28T14:37:57","guid":{"rendered":"https:\/\/prichbiotech.com\/x852staging\/?page_id=4905"},"modified":"2022-08-19T09:44:37","modified_gmt":"2022-08-19T13:44:37","slug":"empleos","status":"publish","type":"page","link":"https:\/\/prichbiotech.com\/x852staging\/empleos\/","title":{"rendered":"Empleos"},"content":{"rendered":"\t\t<div data-elementor-type=\"wp-page\" data-elementor-id=\"4905\" data-post-id=\"4905\" data-obj-id=\"4905\" class=\"elementor elementor-4905 dce-elementor-post-4905\">\n\t\t\t\t\t\t<div class=\"elementor-inner\">\n\t\t\t\t<div class=\"elementor-section-wrap\">\n\t\t\t\t\t\t\t\t\t<section class=\"has_ae_slider elementor-section elementor-top-section elementor-element elementor-element-6ef17aa elementor-section-height-full elementor-section-boxed elementor-section-height-default elementor-section-items-middle ae-bg-gallery-type-default\" data-dce-background-overlay-color=\"#004DA857\" data-id=\"6ef17aa\" data-element_type=\"section\" data-settings=\"{&quot;jet_parallax_layout_list&quot;:[{&quot;jet_parallax_layout_image&quot;:{&quot;url&quot;:&quot;&quot;,&quot;id&quot;:&quot;&quot;},&quot;_id&quot;:&quot;e46dc98&quot;,&quot;jet_parallax_layout_image_widescreen&quot;:{&quot;url&quot;:&quot;&quot;,&quot;id&quot;:&quot;&quot;},&quot;jet_parallax_layout_image_laptop&quot;:{&quot;url&quot;:&quot;&quot;,&quot;id&quot;:&quot;&quot;},&quot;jet_parallax_layout_image_tablet_extra&quot;:{&quot;url&quot;:&quot;&quot;,&quot;id&quot;:&quot;&quot;},&quot;jet_parallax_layout_image_tablet&quot;:{&quot;url&quot;:&quot;&quot;,&quot;id&quot;:&quot;&quot;},&quot;jet_parallax_layout_image_mobile&quot;:{&quot;url&quot;:&quot;&quot;,&quot;id&quot;:&quot;&quot;},&quot;jet_parallax_layout_speed&quot;:{&quot;unit&quot;:&quot;%&quot;,&quot;size&quot;:50,&quot;sizes&quot;:[]},&quot;jet_parallax_layout_type&quot;:&quot;scroll&quot;,&quot;jet_parallax_layout_direction&quot;:null,&quot;jet_parallax_layout_fx_direction&quot;:null,&quot;jet_parallax_layout_z_index&quot;:&quot;&quot;,&quot;jet_parallax_layout_bg_x&quot;:50,&quot;jet_parallax_layout_bg_x_widescreen&quot;:&quot;&quot;,&quot;jet_parallax_layout_bg_x_laptop&quot;:&quot;&quot;,&quot;jet_parallax_layout_bg_x_tablet_extra&quot;:&quot;&quot;,&quot;jet_parallax_layout_bg_x_tablet&quot;:&quot;&quot;,&quot;jet_parallax_layout_bg_x_mobile&quot;:&quot;&quot;,&quot;jet_parallax_layout_bg_y&quot;:50,&quot;jet_parallax_layout_bg_y_widescreen&quot;:&quot;&quot;,&quot;jet_parallax_layout_bg_y_laptop&quot;:&quot;&quot;,&quot;jet_parallax_layout_bg_y_tablet_extra&quot;:&quot;&quot;,&quot;jet_parallax_layout_bg_y_tablet&quot;:&quot;&quot;,&quot;jet_parallax_layout_bg_y_mobile&quot;:&quot;&quot;,&quot;jet_parallax_layout_bg_size&quot;:&quot;auto&quot;,&quot;jet_parallax_layout_bg_size_widescreen&quot;:&quot;&quot;,&quot;jet_parallax_layout_bg_size_laptop&quot;:&quot;&quot;,&quot;jet_parallax_layout_bg_size_tablet_extra&quot;:&quot;&quot;,&quot;jet_parallax_layout_bg_size_tablet&quot;:&quot;&quot;,&quot;jet_parallax_layout_bg_size_mobile&quot;:&quot;&quot;,&quot;jet_parallax_layout_animation_prop&quot;:&quot;transform&quot;,&quot;jet_parallax_layout_on&quot;:[&quot;desktop&quot;,&quot;tablet&quot;]}],&quot;background_background&quot;:&quot;slideshow&quot;,&quot;background_slideshow_gallery&quot;:[{&quot;id&quot;:8830,&quot;url&quot;:&quot;https:\\\/\\\/prichbiotech.com\\\/x852staging\\\/wp-content\\\/uploads\\\/2022\\\/02\\\/PasilloPRICH.jpg&quot;},{&quot;id&quot;:8832,&quot;url&quot;:&quot;https:\\\/\\\/prichbiotech.com\\\/x852staging\\\/wp-content\\\/uploads\\\/2022\\\/02\\\/IMG_5202.jpg&quot;},{&quot;id&quot;:8829,&quot;url&quot;:&quot;https:\\\/\\\/prichbiotech.com\\\/x852staging\\\/wp-content\\\/uploads\\\/2022\\\/02\\\/DSC08304.jpg&quot;},{&quot;id&quot;:8820,&quot;url&quot;:&quot;https:\\\/\\\/prichbiotech.com\\\/x852staging\\\/wp-content\\\/uploads\\\/2022\\\/02\\\/AI_Image3r-copy-scaled-1.jpg&quot;},{&quot;id&quot;:8826,&quot;url&quot;:&quot;https:\\\/\\\/prichbiotech.com\\\/x852staging\\\/wp-content\\\/uploads\\\/2022\\\/02\\\/DSC06619.jpg&quot;},{&quot;id&quot;:8822,&quot;url&quot;:&quot;https:\\\/\\\/prichbiotech.com\\\/x852staging\\\/wp-content\\\/uploads\\\/2022\\\/02\\\/Hato-Rey-Calle-Federico-Costas.jpg&quot;},{&quot;id&quot;:8828,&quot;url&quot;:&quot;https:\\\/\\\/prichbiotech.com\\\/x852staging\\\/wp-content\\\/uploads\\\/2022\\\/02\\\/DSC07565-copy.jpg&quot;},{&quot;id&quot;:8821,&quot;url&quot;:&quot;https:\\\/\\\/prichbiotech.com\\\/x852staging\\\/wp-content\\\/uploads\\\/2022\\\/02\\\/PRICH-JAMFOTOSPR_6.jpg&quot;},{&quot;id&quot;:8827,&quot;url&quot;:&quot;https:\\\/\\\/prichbiotech.com\\\/x852staging\\\/wp-content\\\/uploads\\\/2022\\\/02\\\/DSC06846.jpg&quot;},{&quot;id&quot;:8824,&quot;url&quot;:&quot;https:\\\/\\\/prichbiotech.com\\\/x852staging\\\/wp-content\\\/uploads\\\/2022\\\/02\\\/20210226_142357.jpg&quot;},{&quot;id&quot;:8825,&quot;url&quot;:&quot;https:\\\/\\\/prichbiotech.com\\\/x852staging\\\/wp-content\\\/uploads\\\/2022\\\/02\\\/DSC06603.jpg&quot;}],&quot;background_slideshow_ken_burns&quot;:&quot;yes&quot;,&quot;background_slideshow_loop&quot;:&quot;yes&quot;,&quot;background_slideshow_slide_duration&quot;:5000,&quot;background_slideshow_slide_transition&quot;:&quot;fade&quot;,&quot;background_slideshow_transition_duration&quot;:500,&quot;background_slideshow_ken_burns_zoom_direction&quot;:&quot;in&quot;}\">\n\t\t\t\t\t\t\t<div class=\"elementor-background-overlay\"><\/div>\n\t\t\t\t\t\t\t<div class=\"elementor-container elementor-column-gap-default\">\n\t\t\t\t\t\t\t<div class=\"elementor-row\">\n\t\t\t\t\t<div class=\"has_ae_slider elementor-column elementor-col-100 elementor-top-column elementor-element elementor-element-07acdeb ae-bg-gallery-type-default\" data-id=\"07acdeb\" data-element_type=\"column\">\n\t\t\t<div class=\"elementor-column-wrap elementor-element-populated\">\n\t\t\t\t\t\t\t<div class=\"elementor-widget-wrap\">\n\t\t\t\t\t\t<div class=\"elementor-element elementor-element-af24a20 dce_masking-none elementor-widget elementor-widget-image\" data-id=\"af24a20\" data-element_type=\"widget\" data-widget_type=\"image.default\">\n\t\t\t\t<div class=\"elementor-widget-container\">\n\t\t\t<style>\/*! elementor - v3.7.8 - 02-10-2022 *\/\n.elementor-widget-image{text-align:center}.elementor-widget-image a{display:inline-block}.elementor-widget-image a img[src$=\".svg\"]{width:48px}.elementor-widget-image img{vertical-align:middle;display:inline-block}<\/style>\t\t\t\t\t<div class=\"elementor-image\">\n\t\t\t\t\t\t\t\t\t\t\t\t<img width=\"300\" height=\"182\" src=\"https:\/\/prichbiotech.com\/x852staging\/wp-content\/uploads\/2021\/09\/Flechas-Empleo-8-300x182.png\" class=\"attachment-medium size-medium\" alt=\"\" loading=\"lazy\" srcset=\"https:\/\/prichbiotech.com\/x852staging\/wp-content\/uploads\/2021\/09\/Flechas-Empleo-8-300x182.png 300w, https:\/\/prichbiotech.com\/x852staging\/wp-content\/uploads\/2021\/09\/Flechas-Empleo-8-1024x621.png 1024w, https:\/\/prichbiotech.com\/x852staging\/wp-content\/uploads\/2021\/09\/Flechas-Empleo-8-768x466.png 768w, https:\/\/prichbiotech.com\/x852staging\/wp-content\/uploads\/2021\/09\/Flechas-Empleo-8.png 1305w\" sizes=\"(max-width: 300px) 100vw, 300px\" \/>\t\t\t\t\t\t\t\t\t\t\t\t\t\t<\/div>\n\t\t\t\t\t\t<\/div>\n\t\t\t\t<\/div>\n\t\t\t\t<div class=\"elementor-element elementor-element-755600a2 elementor-widget elementor-widget-heading\" data-id=\"755600a2\" data-element_type=\"widget\" data-widget_type=\"heading.default\">\n\t\t\t\t<div class=\"elementor-widget-container\">\n\t\t\t<style>\/*! elementor - v3.7.8 - 02-10-2022 *\/\n.elementor-heading-title{padding:0;margin:0;line-height:1}.elementor-widget-heading .elementor-heading-title[class*=elementor-size-]>a{color:inherit;font-size:inherit;line-height:inherit}.elementor-widget-heading .elementor-heading-title.elementor-size-small{font-size:15px}.elementor-widget-heading .elementor-heading-title.elementor-size-medium{font-size:19px}.elementor-widget-heading .elementor-heading-title.elementor-size-large{font-size:29px}.elementor-widget-heading .elementor-heading-title.elementor-size-xl{font-size:39px}.elementor-widget-heading .elementor-heading-title.elementor-size-xxl{font-size:59px}<\/style><h2 class=\"elementor-heading-title elementor-size-default\">Empleos<\/h2>\t\t<\/div>\n\t\t\t\t<\/div>\n\t\t\t\t<div class=\"elementor-element elementor-element-a75f7bc elementor-widget elementor-widget-spacer\" data-id=\"a75f7bc\" data-element_type=\"widget\" data-widget_type=\"spacer.default\">\n\t\t\t\t<div class=\"elementor-widget-container\">\n\t\t\t<style>\/*! elementor - v3.7.8 - 02-10-2022 *\/\n.elementor-column .elementor-spacer-inner{height:var(--spacer-size)}.e-container{--container-widget-width:100%}.e-container>.elementor-widget-spacer{width:var(--container-widget-width,var(--spacer-size));-ms-flex-item-align:stretch;align-self:stretch;-ms-flex-negative:0;flex-shrink:0}.e-container>.elementor-widget-spacer>.elementor-widget-container,.e-container>.elementor-widget-spacer>.elementor-widget-container>.elementor-spacer{height:100%}.e-container>.elementor-widget-spacer>.elementor-widget-container>.elementor-spacer>.elementor-spacer-inner{height:var(--container-widget-height,var(--spacer-size))}<\/style>\t\t<div class=\"elementor-spacer\">\n\t\t\t<div class=\"elementor-spacer-inner\"><\/div>\n\t\t<\/div>\n\t\t\t\t<\/div>\n\t\t\t\t<\/div>\n\t\t\t\t<div class=\"elementor-element elementor-element-519e3399 elementor-widget elementor-widget-heading\" data-id=\"519e3399\" data-element_type=\"widget\" data-widget_type=\"heading.default\">\n\t\t\t\t<div class=\"elementor-widget-container\">\n\t\t\t<h2 class=\"elementor-heading-title elementor-size-default\">\u00a1\u00danete a la industria del Cannabis Medicinal!<\/h2>\t\t<\/div>\n\t\t\t\t<\/div>\n\t\t\t\t<div class=\"elementor-element elementor-element-531da01 elementor-widget elementor-widget-text-editor\" data-id=\"531da01\" data-element_type=\"widget\" data-widget_type=\"text-editor.default\">\n\t\t\t\t<div class=\"elementor-widget-container\">\n\t\t\t<style>\/*! elementor - v3.7.8 - 02-10-2022 *\/\n.elementor-widget-text-editor.elementor-drop-cap-view-stacked .elementor-drop-cap{background-color:#818a91;color:#fff}.elementor-widget-text-editor.elementor-drop-cap-view-framed .elementor-drop-cap{color:#818a91;border:3px solid;background-color:transparent}.elementor-widget-text-editor:not(.elementor-drop-cap-view-default) .elementor-drop-cap{margin-top:8px}.elementor-widget-text-editor:not(.elementor-drop-cap-view-default) .elementor-drop-cap-letter{width:1em;height:1em}.elementor-widget-text-editor .elementor-drop-cap{float:left;text-align:center;line-height:1;font-size:50px}.elementor-widget-text-editor .elementor-drop-cap-letter{display:inline-block}<\/style>\t\t\t\t\t<div class=\"elementor-text-editor elementor-clearfix\">\n\t\t\t\t<p>Te invitamos a solicitar nuestras oportunidades de empleo en Puerto Rico Industrial Commercial Holdings Biotech Corp y sus compa\u00f1\u00edas afiliadas.<\/p><p>Visita nuestras redes sociales para conocer m\u00e1s sobre la <strong>#CalidadPRICH<\/strong>.<\/p>\t\t\t\t\t<\/div>\n\t\t\t\t\t\t<\/div>\n\t\t\t\t<\/div>\n\t\t\t\t<div class=\"elementor-element elementor-element-e237951 elementor-laptop-align-center elementor-mobile-align-center elementor-align-center elementor-widget elementor-widget-button\" data-id=\"e237951\" data-element_type=\"widget\" data-widget_type=\"button.default\">\n\t\t\t\t<div class=\"elementor-widget-container\">\n\t\t\t\t\t<div class=\"elementor-button-wrapper\">\n\t\t\t<a href=\"https:\/\/prichbiotech.hire.trakstar.com\/\" target=\"_blank\" class=\"elementor-button-link elementor-button elementor-size-md\" role=\"button\">\n\t\t\t\t\t\t<span class=\"elementor-button-content-wrapper\">\n\t\t\t\t\t\t<span class=\"elementor-button-text\">Ver en Empleos Disponibles<\/span>\n\t\t<\/span>\n\t\t\t\t\t<\/a>\n\t\t<\/div>\n\t\t\t\t<\/div>\n\t\t\t\t<\/div>\n\t\t\t\t\t\t<\/div>\n\t\t\t\t\t<\/div>\n\t\t<\/div>\n\t\t\t\t\t\t\t\t<\/div>\n\t\t\t\t\t<\/div>\n\t\t<\/section>\n\t\t\t\t\t\t\t\t\t<\/div>\n\t\t\t<\/div>\n\t\t\t\t\t<\/div>\n\t\t","protected":false},"excerpt":{"rendered":"<p>Empleos \u00a1\u00danete a la industria del Cannabis Medicinal! Te invitamos a solicitar nuestras oportunidades de empleo en Puerto Rico Industrial Commercial Holdings Biotech Corp y sus compa\u00f1\u00edas afiliadas. Visita nuestras redes sociales para conocer m\u00e1s sobre la #CalidadPRICH. Ver en Empleos Disponibles<\/p>\n","protected":false},"author":1,"featured_media":8825,"parent":0,"menu_order":0,"comment_status":"closed","ping_status":"closed","template":"elementor_header_footer","meta":[],"metodos":[],"condiciones":[],"acf":[],"yoast_head":"<!-- This site is optimized with the Yoast SEO plugin v19.8 - https:\/\/yoast.com\/wordpress\/plugins\/seo\/ -->\n<title>Empleos - PRICH Biotech<\/title>\n<meta name=\"description\" content=\"\u00a1\u00danete a la industria del Cannabis Medicinal!Te invitamos a solicitar nuestras oportunidades de empleo en Puerto Rico Industrial Commercial Holdings Biotech Corp y sus compa\u00f1\u00edas afiliadas.Visita nuestras redes sociales para conocer m\u00e1s sobre la #CalidadPRICH.\" \/>\n<meta name=\"robots\" content=\"index, follow, max-snippet:-1, max-image-preview:large, max-video-preview:-1\" \/>\n<link rel=\"canonical\" href=\"https:\/\/prichbiotech.com\/x852staging\/empleos\/\" \/>\n<meta property=\"og:locale\" content=\"en_US\" \/>\n<meta property=\"og:type\" content=\"article\" \/>\n<meta property=\"og:title\" content=\"Empleos - PRICH Biotech\" \/>\n<meta property=\"og:description\" content=\"\u00a1\u00danete a la industria del Cannabis Medicinal!Te invitamos a solicitar nuestras oportunidades de empleo en Puerto Rico Industrial Commercial Holdings Biotech Corp y sus compa\u00f1\u00edas afiliadas.Visita nuestras redes sociales para conocer m\u00e1s sobre la #CalidadPRICH.\" \/>\n<meta property=\"og:url\" content=\"https:\/\/prichbiotech.com\/x852staging\/empleos\/\" \/>\n<meta property=\"og:site_name\" content=\"PRICH Biotech\" \/>\n<meta property=\"article:modified_time\" content=\"2022-08-19T13:44:37+00:00\" \/>\n<meta property=\"og:image\" content=\"https:\/\/prichbiotech.com\/x852staging\/wp-content\/uploads\/2022\/02\/DSC06603.jpg\" \/>\n\t<meta property=\"og:image:width\" content=\"1200\" \/>\n\t<meta property=\"og:image:height\" content=\"1200\" \/>\n\t<meta property=\"og:image:type\" content=\"image\/jpeg\" \/>\n<meta name=\"twitter:card\" content=\"summary_large_image\" \/>\n<meta name=\"twitter:label1\" content=\"Est. reading time\" \/>\n\t<meta name=\"twitter:data1\" content=\"1 minute\" \/>\n<script type=\"application\/ld+json\" class=\"yoast-schema-graph\">{\"@context\":\"https:\/\/schema.org\",\"@graph\":[{\"@type\":\"WebPage\",\"@id\":\"https:\/\/prichbiotech.com\/x852staging\/empleos\/\",\"url\":\"https:\/\/prichbiotech.com\/x852staging\/empleos\/\",\"name\":\"Empleos - PRICH Biotech\",\"isPartOf\":{\"@id\":\"https:\/\/prichbiotech.com\/x852staging\/#website\"},\"datePublished\":\"2021-09-28T14:37:57+00:00\",\"dateModified\":\"2022-08-19T13:44:37+00:00\",\"description\":\"\u00a1\u00danete a la industria del Cannabis Medicinal!Te invitamos a solicitar nuestras oportunidades de empleo en Puerto Rico Industrial Commercial Holdings Biotech Corp y sus compa\u00f1\u00edas afiliadas.Visita nuestras redes sociales para conocer m\u00e1s sobre la #CalidadPRICH.\",\"breadcrumb\":{\"@id\":\"https:\/\/prichbiotech.com\/x852staging\/empleos\/#breadcrumb\"},\"inLanguage\":\"en\",\"potentialAction\":[{\"@type\":\"ReadAction\",\"target\":[\"https:\/\/prichbiotech.com\/x852staging\/empleos\/\"]}]},{\"@type\":\"BreadcrumbList\",\"@id\":\"https:\/\/prichbiotech.com\/x852staging\/empleos\/#breadcrumb\",\"itemListElement\":[{\"@type\":\"ListItem\",\"position\":1,\"name\":\"Home\",\"item\":\"https:\/\/prichbiotech.com\/x852staging\/\"},{\"@type\":\"ListItem\",\"position\":2,\"name\":\"Empleos\"}]},{\"@type\":\"WebSite\",\"@id\":\"https:\/\/prichbiotech.com\/x852staging\/#website\",\"url\":\"https:\/\/prichbiotech.com\/x852staging\/\",\"name\":\"PRICH Biotech\",\"description\":\"Innovaci&oacute;n | Consistencia | Calidad\",\"publisher\":{\"@id\":\"https:\/\/prichbiotech.com\/x852staging\/#organization\"},\"potentialAction\":[{\"@type\":\"SearchAction\",\"target\":{\"@type\":\"EntryPoint\",\"urlTemplate\":\"https:\/\/prichbiotech.com\/x852staging\/?s={search_term_string}\"},\"query-input\":\"required name=search_term_string\"}],\"inLanguage\":\"en\"},{\"@type\":\"Organization\",\"@id\":\"https:\/\/prichbiotech.com\/x852staging\/#organization\",\"name\":\"PRICH Biotech\",\"url\":\"https:\/\/prichbiotech.com\/x852staging\/\",\"sameAs\":[],\"logo\":{\"@type\":\"ImageObject\",\"inLanguage\":\"en\",\"@id\":\"https:\/\/prichbiotech.com\/x852staging\/#\/schema\/logo\/image\/\",\"url\":\"https:\/\/prichbiotech.com\/x852staging\/wp-content\/uploads\/2021\/08\/PRICH-01.svg\",\"contentUrl\":\"https:\/\/prichbiotech.com\/x852staging\/wp-content\/uploads\/2021\/08\/PRICH-01.svg\",\"width\":1920,\"height\":1080,\"caption\":\"PRICH Biotech\"},\"image\":{\"@id\":\"https:\/\/prichbiotech.com\/x852staging\/#\/schema\/logo\/image\/\"}}]}<\/script>\n<!-- \/ Yoast SEO plugin. -->","yoast_head_json":{"title":"Empleos - PRICH Biotech","description":"\u00a1\u00danete a la industria del Cannabis Medicinal!Te invitamos a solicitar nuestras oportunidades de empleo en Puerto Rico Industrial Commercial Holdings Biotech Corp y sus compa\u00f1\u00edas afiliadas.Visita nuestras redes sociales para conocer m\u00e1s sobre la #CalidadPRICH.","robots":{"index":"index","follow":"follow","max-snippet":"max-snippet:-1","max-image-preview":"max-image-preview:large","max-video-preview":"max-video-preview:-1"},"canonical":"https:\/\/prichbiotech.com\/x852staging\/empleos\/","og_locale":"en_US","og_type":"article","og_title":"Empleos - PRICH Biotech","og_description":"\u00a1\u00danete a la industria del Cannabis Medicinal!Te invitamos a solicitar nuestras oportunidades de empleo en Puerto Rico Industrial Commercial Holdings Biotech Corp y sus compa\u00f1\u00edas afiliadas.Visita nuestras redes sociales para conocer m\u00e1s sobre la #CalidadPRICH.","og_url":"https:\/\/prichbiotech.com\/x852staging\/empleos\/","og_site_name":"PRICH Biotech","article_modified_time":"2022-08-19T13:44:37+00:00","og_image":[{"width":1200,"height":1200,"url":"https:\/\/prichbiotech.com\/x852staging\/wp-content\/uploads\/2022\/02\/DSC06603.jpg","type":"image\/jpeg"}],"twitter_card":"summary_large_image","twitter_misc":{"Est. reading time":"1 minute"},"schema":{"@context":"https:\/\/schema.org","@graph":[{"@type":"WebPage","@id":"https:\/\/prichbiotech.com\/x852staging\/empleos\/","url":"https:\/\/prichbiotech.com\/x852staging\/empleos\/","name":"Empleos - PRICH Biotech","isPartOf":{"@id":"https:\/\/prichbiotech.com\/x852staging\/#website"},"datePublished":"2021-09-28T14:37:57+00:00","dateModified":"2022-08-19T13:44:37+00:00","description":"\u00a1\u00danete a la industria del Cannabis Medicinal!Te invitamos a solicitar nuestras oportunidades de empleo en Puerto Rico Industrial Commercial Holdings Biotech Corp y sus compa\u00f1\u00edas afiliadas.Visita nuestras redes sociales para conocer m\u00e1s sobre la #CalidadPRICH.","breadcrumb":{"@id":"https:\/\/prichbiotech.com\/x852staging\/empleos\/#breadcrumb"},"inLanguage":"en","potentialAction":[{"@type":"ReadAction","target":["https:\/\/prichbiotech.com\/x852staging\/empleos\/"]}]},{"@type":"BreadcrumbList","@id":"https:\/\/prichbiotech.com\/x852staging\/empleos\/#breadcrumb","itemListElement":[{"@type":"ListItem","position":1,"name":"Home","item":"https:\/\/prichbiotech.com\/x852staging\/"},{"@type":"ListItem","position":2,"name":"Empleos"}]},{"@type":"WebSite","@id":"https:\/\/prichbiotech.com\/x852staging\/#website","url":"https:\/\/prichbiotech.com\/x852staging\/","name":"PRICH Biotech","description":"Innovaci&oacute;n | Consistencia | Calidad","publisher":{"@id":"https:\/\/prichbiotech.com\/x852staging\/#organization"},"potentialAction":[{"@type":"SearchAction","target":{"@type":"EntryPoint","urlTemplate":"https:\/\/prichbiotech.com\/x852staging\/?s={search_term_string}"},"query-input":"required name=search_term_string"}],"inLanguage":"en"},{"@type":"Organization","@id":"https:\/\/prichbiotech.com\/x852staging\/#organization","name":"PRICH Biotech","url":"https:\/\/prichbiotech.com\/x852staging\/","sameAs":[],"logo":{"@type":"ImageObject","inLanguage":"en","@id":"https:\/\/prichbiotech.com\/x852staging\/#\/schema\/logo\/image\/","url":"https:\/\/prichbiotech.com\/x852staging\/wp-content\/uploads\/2021\/08\/PRICH-01.svg","contentUrl":"https:\/\/prichbiotech.com\/x852staging\/wp-content\/uploads\/2021\/08\/PRICH-01.svg","width":1920,"height":1080,"caption":"PRICH Biotech"},"image":{"@id":"https:\/\/prichbiotech.com\/x852staging\/#\/schema\/logo\/image\/"}}]}},"_links":{"self":[{"href":"https:\/\/prichbiotech.com\/x852staging\/wp-json\/wp\/v2\/pages\/4905"}],"collection":[{"href":"https:\/\/prichbiotech.com\/x852staging\/wp-json\/wp\/v2\/pages"}],"about":[{"href":"https:\/\/prichbiotech.com\/x852staging\/wp-json\/wp\/v2\/types\/page"}],"author":[{"embeddable":true,"href":"https:\/\/prichbiotech.com\/x852staging\/wp-json\/wp\/v2\/users\/1"}],"replies":[{"embeddable":true,"href":"https:\/\/prichbiotech.com\/x852staging\/wp-json\/wp\/v2\/comments?post=4905"}],"version-history":[{"count":32,"href":"https:\/\/prichbiotech.com\/x852staging\/wp-json\/wp\/v2\/pages\/4905\/revisions"}],"predecessor-version":[{"id":13664,"href":"https:\/\/prichbiotech.com\/x852staging\/wp-json\/wp\/v2\/pages\/4905\/revisions\/13664"}],"wp:featuredmedia":[{"embeddable":true,"href":"https:\/\/prichbiotech.com\/x852staging\/wp-json\/wp\/v2\/media\/8825"}],"wp:attachment":[{"href":"https:\/\/prichbiotech.com\/x852staging\/wp-json\/wp\/v2\/media?parent=4905"}],"wp:term":[{"taxonomy":"metodos","embeddable":true,"href":"https:\/\/prichbiotech.com\/x852staging\/wp-json\/wp\/v2\/metodos?post=4905"},{"taxonomy":"condiciones","embeddable":true,"href":"https:\/\/prichbiotech.com\/x852staging\/wp-json\/wp\/v2\/condiciones?post=4905"}],"curies":[{"name":"wp","href":"https:\/\/api.w.org\/{rel}","templated":true}]}}